{"id":1006,"date":"2016-08-18T15:56:38","date_gmt":"2016-08-18T15:56:38","guid":{"rendered":"http:\/\/teste.elifeportugal.com\/?page_id=1006"},"modified":"2019-01-24T14:34:26","modified_gmt":"2019-01-24T17:34:26","slug":"social-intelligence","status":"publish","type":"page","link":"https:\/\/elife.com.br\/index.php\/servicos\/social-intelligence\/","title":{"rendered":"Customer Intelligence"},"content":{"rendered":"<div id=\"fb-root\"><\/div>\n<p>[vc_row][vc_column]<!-- Section General Title --><div class=\"general-title\"><h2>Customer Intelligence<\/h2><div class=\"space-bottom-2x\"><\/div><\/div>[vc_column_text]<\/p>\n<p style=\"text-align: center;\"><span style=\"font-weight: 400;\">Diversas fontes de dados digitais combinadas para compreens\u00e3o da audi\u00eancia do consumidor, sua jornada e percep\u00e7\u00e3o de marca.<\/span><\/p>\n<p>[\/vc_column_text][vc_row_inner][vc_column_inner width=&#8221;1\/2&#8243;]<div class=\"cta-title-2 text-left\"><div class=\"space-bottom-2x\"><\/div><h2>O que fazemos<\/h2><div class=\"space-bottom-2x\"><\/div><\/div>[vc_column_text]Desde 2004, a E.life trabalha com Intelig\u00eancia de Mercado com base em dados da Social Media. A partir da an\u00e1lise de coment\u00e1rios espont\u00e2neos gerados pelos consumidores sobre as marcas, produto ou servi\u00e7os, at\u00e9 o monitoramento da concorr\u00eancia e setor, contamos com uma equipe especializada nos v\u00e1rios mercados em que atuamos. Em 2012, ampliamos o nosso foco ao estudar tamb\u00e9m a jornada do consumidor para entender comportamentos, desejos e antecipar tend\u00eancias.[\/vc_column_text][vc_btn title=&#8221;SAIBA MAIS&#8221; shape=&#8221;square&#8221; align=&#8221;left&#8221; i_icon_fontawesome=&#8221;fa fa-eye&#8221; link=&#8221;url:http%3A%2F%2Felife.com.br%2Findex.php%2Ftag%2Fe-life-intelligence%2F||target:%20_blank|&#8221; add_icon=&#8221;true&#8221;][\/vc_column_inner][vc_column_inner width=&#8221;1\/2&#8243;][vc_empty_space height=&#8221;40px&#8221;][vc_column_text]<script async class=\"speakerdeck-embed\" data-id=\"593f4519673842d5a57d39d9f8cbeb75\" data-ratio=\"1.77777777777778\" src=\"\/\/speakerdeck.com\/assets\/embed.js\"><\/script>[\/vc_column_text][vc_btn title=&#8221;VER APRESENTA\u00c7\u00c3O COMPLETA&#8221; shape=&#8221;square&#8221; link=&#8221;url:https%3A%2F%2Fspeakerdeck.com%2Felifegroup%2Fe-dot-life-intelligence||target:%20_blank|&#8221;][\/vc_column_inner][\/vc_row_inner][vc_empty_space height=&#8221;40px&#8221;][vc_row_inner content_placement=&#8221;middle&#8221;][vc_column_inner]<div class=\"cta-title-2 \"><div class=\"space-bottom-2x\"><\/div><h2>Outros servi\u00e7os<\/h2><div class=\"space-bottom-2x\"><\/div><\/div>[vc_column_text]<\/p>\n<h4 style=\"text-align: center;\">AL\u00c9M DE MONITORAMENTO DE REDES SOCIAIS, PESQUISAS DE MERCADO, IDENTIFICA\u00c7\u00c3O E GEST\u00c3O DE INFLUENCIADORES,<\/h4>\n<h4 style=\"text-align: center;\">A E.LIFE INTELLIGENCE TAMB\u00c9M OFERECE:<\/h4>\n<p>[\/vc_column_text][\/vc_column_inner][\/vc_row_inner][vc_row_inner][vc_column_inner width=&#8221;1\/3&#8243;]<div class=\" service-box\">\r\n                <!-- Icon -->\r\n                <i class=\"fa fa-camera fa-3x\"><\/i>\r\n\r\n                <!-- Title and Description -->\r\n                <div class=\"service-title\">\r\n                    <h3>Brand Logo Detection<\/h3>\r\n                <\/div>\r\n                <p>Brand Logo Detection \u00e9 uma tecnologia que identifica logotipos em fotos publicadas em rede sociais com imagens index\u00e1veis, mesmo que n\u00e3o seja citado o nome da marca na descri\u00e7\u00e3o ou em hashtags e marca\u00e7\u00f5es.<\/p>\r\n            <\/div>[vc_btn title=&#8221;Saiba mais&#8221; shape=&#8221;square&#8221; link=&#8221;url:https%3A%2F%2Fspeakerdeck.com%2Felifegroup%2Fbrand-logo-detection||target:%20_blank|&#8221;][\/vc_column_inner][vc_column_inner width=&#8221;1\/3&#8243;]<div class=\" service-box\">\r\n                <!-- Icon -->\r\n                <i class=\"fa fa-picture-o fa-3x\"><\/i>\r\n\r\n                <!-- Title and Description -->\r\n                <div class=\"service-title\">\r\n                    <h3>Social Wall<\/h3>\r\n                <\/div>\r\n                <p>Social Wall \u00e9 um servi\u00e7o da E.life Intelligence que monitora hashtags, check-ins ou termos de busca e entrega dados em interfaces customizadas especialmente para eventos e a\u00e7\u00f5es ao vivo. <\/p>\r\n            <\/div>[vc_btn title=&#8221;Saiba mais&#8221; shape=&#8221;square&#8221; link=&#8221;url:http%3A%2F%2Felife.com.br%2Findex.php%2F2016%2F11%2F22%2Fe-life-cria-social-wall-da-volkswagen-para-o-salao-do-automovel-2016%2F||target:%20_blank|&#8221;][\/vc_column_inner][vc_column_inner width=&#8221;1\/3&#8243;]<div class=\" service-box\">\r\n                <!-- Icon -->\r\n                <i class=\"fa fa-user fa-3x\"><\/i>\r\n\r\n                <!-- Title and Description -->\r\n                <div class=\"service-title\">\r\n                    <h3>Consumer-centered Monitoring<\/h3>\r\n                <\/div>\r\n                <p>Consumer-centered Monitoring \u00e9 uma metodologia de monitoramento para a cria\u00e7\u00e3o de perfis psicogr\u00e1ficos a partir de informa\u00e7\u00f5es e atividades compartilhadas na social media pelos consumidores.<\/p>\r\n            <\/div>[vc_btn title=&#8221;Saiba mais&#8221; shape=&#8221;square&#8221; link=&#8221;url:http%3A%2F%2Fwww.consumercenteredmonitoring.com.br%2F||target:%20_blank|&#8221;][\/vc_column_inner][\/vc_row_inner][vc_cta h2=&#8221;Fale com nossos consultores e pe\u00e7a uma proposta!&#8221; txt_align=&#8221;center&#8221; shape=&#8221;square&#8221; style=&#8221;flat&#8221; color=&#8221;peacoc&#8221;]<\/p>\n<p style=\"text-align: center;\">(11) 2339-4928 | negocios@elife.com.br<\/p>\n<p>[\/vc_cta][\/vc_column][\/vc_row]<\/p>\n","protected":false},"excerpt":{"rendered":"<p>[vc_row][vc_column][vc_column_text] Diversas fontes de dados digitais combinadas para compreens\u00e3o da audi\u00eancia do consumidor, sua jornada e percep\u00e7\u00e3o de marca. [\/vc_column_text][vc_row_inner][vc_column_inner width=&#8221;1\/2&#8243;][vc_column_text]Desde 2004, a E.life trabalha com Intelig\u00eancia de Mercado com base em dados da Social Media. A partir da an\u00e1lise de coment\u00e1rios espont\u00e2neos gerados pelos consumidores sobre as marcas, produto ou servi\u00e7os, at\u00e9 o monitoramento [&hellip;]<\/p>\n","protected":false},"author":1,"featured_media":0,"parent":39,"menu_order":0,"comment_status":"closed","ping_status":"closed","template":"template-onepager.php","meta":[],"_links":{"self":[{"href":"https:\/\/elife.com.br\/index.php\/wp-json\/wp\/v2\/pages\/1006"}],"collection":[{"href":"https:\/\/elife.com.br\/index.php\/wp-json\/wp\/v2\/pages"}],"about":[{"href":"https:\/\/elife.com.br\/index.php\/wp-json\/wp\/v2\/types\/page"}],"author":[{"embeddable":true,"href":"https:\/\/elife.com.br\/index.php\/wp-json\/wp\/v2\/users\/1"}],"replies":[{"embeddable":true,"href":"https:\/\/elife.com.br\/index.php\/wp-json\/wp\/v2\/comments?post=1006"}],"version-history":[{"count":31,"href":"https:\/\/elife.com.br\/index.php\/wp-json\/wp\/v2\/pages\/1006\/revisions"}],"predecessor-version":[{"id":5075,"href":"https:\/\/elife.com.br\/index.php\/wp-json\/wp\/v2\/pages\/1006\/revisions\/5075"}],"up":[{"embeddable":true,"href":"https:\/\/elife.com.br\/index.php\/wp-json\/wp\/v2\/pages\/39"}],"wp:attachment":[{"href":"https:\/\/elife.com.br\/index.php\/wp-json\/wp\/v2\/media?parent=1006"}],"curies":[{"name":"wp","href":"https:\/\/api.w.org\/{rel}","templated":true}]}}