{"id":1010,"date":"2016-08-18T15:59:08","date_gmt":"2016-08-18T15:59:08","guid":{"rendered":"http:\/\/teste.elifeportugal.com\/?page_id=1010"},"modified":"2016-12-02T15:01:55","modified_gmt":"2016-12-02T18:01:55","slug":"buzzmonitor","status":"publish","type":"page","link":"https:\/\/elife.com.br\/index.php\/servicos\/buzzmonitor\/","title":{"rendered":"BUZZMONITOR"},"content":{"rendered":"<div id=\"fb-root\"><\/div>\n<p>[vc_row][vc_column]<!-- Section General Title --><div class=\"general-title\"><h2>BUZZMONITOR<\/h2><div class=\"space-bottom-2x\"><\/div><\/div>[vc_column_text]<\/p>\n<p style=\"text-align: center;\"><span style=\"font-weight: 400;\">Uma su\u00edte de solu\u00e7\u00f5es de software, com o melhor da consultoria E.life, para gest\u00e3o interna de estrat\u00e9gias vencedoras em Social Media.<\/span><\/p>\n<p>[\/vc_column_text][vc_row_inner][vc_column_inner width=&#8221;1\/2&#8243;]<div class=\"cta-title-2 text-left\"><div class=\"space-bottom-2x\"><\/div><h2>O QUE FAZEMOS<\/h2><div class=\"space-bottom-2x\"><\/div><\/div>[vc_column_text]O Buzzmonitor, software propriet\u00e1rio da E.life, \u00e9 a \u00fanica plataforma de Social Business Intelligence que atende a todas as necessidades do universo da Social Media. Permite acompanhar em tempo real o que \u00e9 dito sobre a marca e concorrentes nos espa\u00e7os digitais, ativar e responder aos consumidores e ainda avaliar a performance dos canais onde as empresas est\u00e3o presentes. \u00c9 tamb\u00e9m poss\u00edvel contar com ele\u00a0para analisar os investimentos em M\u00eddia nas redes sociais por meio da spin-off Buzzmonitor Lyticx for Ads.[\/vc_column_text][vc_btn title=&#8221;SAIBA MAIS&#8221; shape=&#8221;square&#8221; align=&#8221;left&#8221; i_icon_fontawesome=&#8221;fa fa-eye&#8221; link=&#8221;url:http%3A%2F%2Felife.com.br%2F%3Fs%3Dbuzzmonitor%2B|||&#8221; add_icon=&#8221;true&#8221;][\/vc_column_inner][vc_column_inner width=&#8221;1\/2&#8243;][vc_empty_space height=&#8221;40px&#8221;][vc_column_text]<script async class=\"speakerdeck-embed\" data-id=\"6f991862176847db81f5b17aca32e590\" data-ratio=\"1.77777777777778\" src=\"\/\/speakerdeck.com\/assets\/embed.js\"><\/script>[\/vc_column_text][vc_btn title=&#8221;VER APRESENTA\u00c7\u00c3O COMPLETA&#8221; shape=&#8221;square&#8221; link=&#8221;url:https%3A%2F%2Fspeakerdeck.com%2Felifegroup%2Fbuzzmonitor||target:%20_blank|&#8221;][\/vc_column_inner][\/vc_row_inner][vc_empty_space height=&#8221;40px&#8221;]<!-- Section General Title --><div class=\"general-title\"><h2>SERVI\u00c7OS<\/h2><div class=\"space-bottom-2x\"><\/div><\/div>[vc_column_text]<\/p>\n<h4 style=\"text-align: center;\">O BUZZMONITOR OFERECE:<\/h4>\n<p>[\/vc_column_text][vc_empty_space height=&#8221;30px&#8221;][vc_row_inner][vc_column_inner width=&#8221;1\/3&#8243;]<div class=\"about-caption text-left\">\r\n                <div class=\"col-sm-2\">\r\n                    <i class=\"fa fa-eye fa-2x\"><\/i>\r\n                <\/div>\r\n                <div class=\"col-sm-10\">\r\n                    <h3>Social Listening<\/h3>\r\n                    <p>Monitore redes sociais como Facebook, Twitter, YouTube e Instagram e tenha a possibilidade de cruzar m\u00e9tricas distintas para criar milhares de relat\u00f3rios edit\u00e1veis de acordo com a necessidade da marca, sem precisar mexer com planilhas e Excel.<\/p>\r\n                <\/div>\r\n            <\/div>[\/vc_column_inner][vc_column_inner width=&#8221;1\/3&#8243;]<div class=\"about-caption text-left\">\r\n                <div class=\"col-sm-2\">\r\n                    <i class=\"fa fa-commenting-o fa-2x\"><\/i>\r\n                <\/div>\r\n                <div class=\"col-sm-10\">\r\n                    <h3>Social CRM e SAC 2.0<\/h3>\r\n                    <p>Gerencie suas marcas e atenda seus clientes com facilidade nas redes sociais, al\u00e9m de extrair m\u00e9tricas sobre o desempenho do seu atendimento e visualiz\u00e1-las em dashboards atualizados em tempo real.<\/p>\r\n                <\/div>\r\n            <\/div>[\/vc_column_inner][vc_column_inner width=&#8221;1\/3&#8243;]<div class=\"about-caption text-left\">\r\n                <div class=\"col-sm-2\">\r\n                    <i class=\"fa fa-bar-chart-o fa-2x\"><\/i>\r\n                <\/div>\r\n                <div class=\"col-sm-10\">\r\n                    <h3>Social Analytics<\/h3>\r\n                    <p>Analise o desempenho da sua p\u00e1gina e compare-o com seus concorrentes no Facebook, Twitter, YouTube e Instagram.<\/p>\r\n                <\/div>\r\n            <\/div>[\/vc_column_inner][\/vc_row_inner][vc_row_inner][vc_column_inner][vc_empty_space height=&#8221;30px&#8221;][\/vc_column_inner][\/vc_row_inner][vc_row_inner][vc_column_inner width=&#8221;1\/3&#8243;]<div class=\"about-caption text-left\">\r\n                <div class=\"col-sm-2\">\r\n                    <i class=\"fa fa-files-o fa-2x\"><\/i>\r\n                <\/div>\r\n                <div class=\"col-sm-10\">\r\n                    <h3>Social Ads<\/h3>\r\n                    <p>Otimize o ROI do seu investimento em an\u00fancios no Facebook. Receba diariamente por e-mail o desempenho do seu melhor e pior an\u00fancio de acordo com os custos por objetivo atingidos da sua campanha, al\u00e9m de acompanhar o hist\u00f3rico da sua conta.<br \/>\n<\/p>\r\n                <\/div>\r\n            <\/div>[\/vc_column_inner][vc_column_inner width=&#8221;1\/3&#8243;]<div class=\"about-caption text-left\">\r\n                <div class=\"col-sm-2\">\r\n                    <i class=\"fa fa-share-square-o fa-2x\"><\/i>\r\n                <\/div>\r\n                <div class=\"col-sm-10\">\r\n                    <h3>Social News<\/h3>\r\n                    <p>Monitore publica\u00e7\u00f5es de mais de 23 mil jornalistas e 100 ve\u00edculos de comunica\u00e7\u00e3o brasileiros, al\u00e9m de blogs e o que os leitores est\u00e3o comentando.<\/p>\r\n                <\/div>\r\n            <\/div>[\/vc_column_inner][vc_column_inner width=&#8221;1\/3&#8243;]<div class=\"about-caption text-left\">\r\n                <div class=\"col-sm-2\">\r\n                    <i class=\"fa fa-thumbs-o-up fa-2x\"><\/i>\r\n                <\/div>\r\n                <div class=\"col-sm-10\">\r\n                    <h3>Influencers<\/h3>\r\n                    <p>Encontre influenciadores de acordo com o seu foco de interesse. De usu\u00e1rios do Snapchat a youtubers, passando por jornalistas, blogueiros, m\u00e3es e torcedores do Flamengo. Mais de 22 milh\u00f5es de perfis diretamente no seu Buzzmonitor.<\/p>\r\n                <\/div>\r\n            <\/div>[\/vc_column_inner][\/vc_row_inner]<div class=\"margin-top-x2 text-center\"><a href=\"http:\/\/www.buzzmonitor.com.br\" target=\"_blank\" class=\"btn black-btn \">CONHE\u00c7A O BUZZMONITOR<\/a><\/div>[\/vc_column][\/vc_row]<\/p>\n","protected":false},"excerpt":{"rendered":"<p>[vc_row][vc_column][vc_column_text] Uma su\u00edte de solu\u00e7\u00f5es de software, com o melhor da consultoria E.life, para gest\u00e3o interna de estrat\u00e9gias vencedoras em Social Media. [\/vc_column_text][vc_row_inner][vc_column_inner width=&#8221;1\/2&#8243;][vc_column_text]O Buzzmonitor, software propriet\u00e1rio da E.life, \u00e9 a \u00fanica plataforma de Social Business Intelligence que atende a todas as necessidades do universo da Social Media. Permite acompanhar em tempo real o que [&hellip;]<\/p>\n","protected":false},"author":1,"featured_media":0,"parent":39,"menu_order":0,"comment_status":"closed","ping_status":"closed","template":"template-onepager.php","meta":[],"_links":{"self":[{"href":"https:\/\/elife.com.br\/index.php\/wp-json\/wp\/v2\/pages\/1010"}],"collection":[{"href":"https:\/\/elife.com.br\/index.php\/wp-json\/wp\/v2\/pages"}],"about":[{"href":"https:\/\/elife.com.br\/index.php\/wp-json\/wp\/v2\/types\/page"}],"author":[{"embeddable":true,"href":"https:\/\/elife.com.br\/index.php\/wp-json\/wp\/v2\/users\/1"}],"replies":[{"embeddable":true,"href":"https:\/\/elife.com.br\/index.php\/wp-json\/wp\/v2\/comments?post=1010"}],"version-history":[{"count":24,"href":"https:\/\/elife.com.br\/index.php\/wp-json\/wp\/v2\/pages\/1010\/revisions"}],"predecessor-version":[{"id":2054,"href":"https:\/\/elife.com.br\/index.php\/wp-json\/wp\/v2\/pages\/1010\/revisions\/2054"}],"up":[{"embeddable":true,"href":"https:\/\/elife.com.br\/index.php\/wp-json\/wp\/v2\/pages\/39"}],"wp:attachment":[{"href":"https:\/\/elife.com.br\/index.php\/wp-json\/wp\/v2\/media?parent=1010"}],"curies":[{"name":"wp","href":"https:\/\/api.w.org\/{rel}","templated":true}]}}