{"id":279,"date":"2016-07-21T15:35:43","date_gmt":"2016-07-21T15:35:43","guid":{"rendered":"http:\/\/teste.elifeportugal.com\/?page_id=279"},"modified":"2016-08-22T10:37:17","modified_gmt":"2016-08-22T10:37:17","slug":"blog","status":"publish","type":"page","link":"https:\/\/elife.com.br\/index.php\/blog\/","title":{"rendered":"Blog"},"content":{"rendered":"<div id=\"fb-root\"><\/div>\n<p>[vc_row][vc_column width=&#8221;2\/3&#8243;][vc_single_image image=&#8221;1072&#8243; img_size=&#8221;large&#8221;][vc_cta h2=&#8221;BUZZMONITOR ADLYTICS: A FERRAMENTA QUE EST\u00c1 DO LADO DO ANUNCIANTE&#8221; shape=&#8221;square&#8221; style=&#8221;flat&#8221; color=&#8221;black&#8221; add_button=&#8221;bottom&#8221; btn_title=&#8221;Ler artigo completo&#8221; btn_style=&#8221;flat&#8221; btn_shape=&#8221;square&#8221; btn_align=&#8221;left&#8221; btn_custom_onclick=&#8221;true&#8221;]Jairson Vitorino, CTO do Buzzmonitor, explica o funcionamento da ferramenta e quais as vantagens para profissionais de media que querem otimizar o ROI das suas campanhas.[\/vc_cta][vc_single_image image=&#8221;1074&#8243; img_size=&#8221;large&#8221;][vc_cta h2=&#8221;OS 4PS DE MARKETING E O MONITORAMENTO DE REDES SOCIAIS&#8221; shape=&#8221;square&#8221; style=&#8221;flat&#8221; color=&#8221;black&#8221; add_button=&#8221;bottom&#8221; btn_title=&#8221;Ler artigo completo&#8221; btn_style=&#8221;flat&#8221; btn_shape=&#8221;square&#8221; btn_align=&#8221;left&#8221;]O cl\u00e1ssico mix de marketing \u201c4Ps\u201d pode ser muito \u00fatil tamb\u00e9m ao planejar a\u00e7\u00f5es e, inclusive, definir assuntos priorit\u00e1rios para monitorar e gerar insights nas redes sociais.[\/vc_cta][\/vc_column][vc_column width=&#8221;1\/3&#8243;][\/vc_column][\/vc_row][vc_row][vc_column][\/vc_column][\/vc_row]<\/p>\n","protected":false},"excerpt":{"rendered":"<p>[vc_row][vc_column width=&#8221;2\/3&#8243;][vc_single_image image=&#8221;1072&#8243; img_size=&#8221;large&#8221;][vc_cta h2=&#8221;BUZZMONITOR ADLYTICS: A FERRAMENTA QUE EST\u00c1 DO LADO DO ANUNCIANTE&#8221; shape=&#8221;square&#8221; style=&#8221;flat&#8221; color=&#8221;black&#8221; add_button=&#8221;bottom&#8221; btn_title=&#8221;Ler artigo completo&#8221; btn_style=&#8221;flat&#8221; btn_shape=&#8221;square&#8221; btn_align=&#8221;left&#8221; btn_custom_onclick=&#8221;true&#8221;]Jairson Vitorino, CTO do Buzzmonitor, explica o funcionamento da ferramenta e quais as vantagens para profissionais de media que querem otimizar o ROI das suas campanhas.[\/vc_cta][vc_single_image image=&#8221;1074&#8243; img_size=&#8221;large&#8221;][vc_cta h2=&#8221;OS 4PS DE [&hellip;]<\/p>\n","protected":false},"author":1,"featured_media":0,"parent":0,"menu_order":0,"comment_status":"closed","ping_status":"closed","template":"","meta":[],"_links":{"self":[{"href":"https:\/\/elife.com.br\/index.php\/wp-json\/wp\/v2\/pages\/279"}],"collection":[{"href":"https:\/\/elife.com.br\/index.php\/wp-json\/wp\/v2\/pages"}],"about":[{"href":"https:\/\/elife.com.br\/index.php\/wp-json\/wp\/v2\/types\/page"}],"author":[{"embeddable":true,"href":"https:\/\/elife.com.br\/index.php\/wp-json\/wp\/v2\/users\/1"}],"replies":[{"embeddable":true,"href":"https:\/\/elife.com.br\/index.php\/wp-json\/wp\/v2\/comments?post=279"}],"version-history":[{"count":8,"href":"https:\/\/elife.com.br\/index.php\/wp-json\/wp\/v2\/pages\/279\/revisions"}],"predecessor-version":[{"id":7140,"href":"https:\/\/elife.com.br\/index.php\/wp-json\/wp\/v2\/pages\/279\/revisions\/7140"}],"wp:attachment":[{"href":"https:\/\/elife.com.br\/index.php\/wp-json\/wp\/v2\/media?parent=279"}],"curies":[{"name":"wp","href":"https:\/\/api.w.org\/{rel}","templated":true}]}}