{"id":39,"date":"2016-07-20T11:09:52","date_gmt":"2016-07-20T11:09:52","guid":{"rendered":"http:\/\/teste.elifeportugal.com\/?page_id=39"},"modified":"2016-11-24T10:12:38","modified_gmt":"2016-11-24T13:12:38","slug":"servicos","status":"publish","type":"page","link":"https:\/\/elife.com.br\/index.php\/servicos\/","title":{"rendered":"Servi\u00e7os"},"content":{"rendered":"<div id=\"fb-root\"><\/div>\n<p>[vc_row][vc_column]<!-- Section General Title --><div class=\"general-title\"><h2>OS CONSUMIDORES N\u00c3O S\u00c3O TODOS IGUAIS<\/h2><div class=\"space-bottom-2x\"><\/div><\/div>[vc_column_text]Somos especialistas em intelig\u00eancia e gest\u00e3o do relacionamento do consumidor utilizando novas tecnologias. Estes s\u00e3o alguns dos servi\u00e7os que temos a\u00a0sua disposi\u00e7\u00e3o:[\/vc_column_text][\/vc_column][\/vc_row][vc_row css=&#8221;.vc_custom_1469182464406{margin-top: -200px !important;margin-bottom: -50px !important;}&#8221;][vc_column width=&#8221;1\/4&#8243;]<div class=\" service-box\">\r\n                <!-- Icon -->\r\n                <i class=\"fa fa-search fa-3x\"><\/i>\r\n\r\n                <!-- Title and Description -->\r\n                <div class=\"service-title\">\r\n                    <h3>E.life Intelligence<\/h3>\r\n                <\/div>\r\n                <p>Monitoramento e an\u00e1lise dos comportamentos dos consumidores, tend\u00eancias e insights de mercado nas redes sociais.<\/p>\r\n            <\/div>[\/vc_column][vc_column width=&#8221;1\/4&#8243;]<div class=\" service-box\">\r\n                <!-- Icon -->\r\n                <i class=\"fa fa-comments-o fa-3x\"><\/i>\r\n\r\n                <!-- Title and Description -->\r\n                <div class=\"service-title\">\r\n                    <h3>E.life Social CRM<\/h3>\r\n                <\/div>\r\n                <p>Atendimento e relacionamento com os consumidores nas redes sociais.<br \/>\n<\/p>\r\n            <\/div>[\/vc_column][vc_column width=&#8221;1\/4&#8243;]<div class=\" service-box\">\r\n                <!-- Icon -->\r\n                <i class=\"fa fa-lightbulb-o fa-3x\"><\/i>\r\n\r\n                <!-- Title and Description -->\r\n                <div class=\"service-title\">\r\n                    <h3>Buzzmonitor<\/h3>\r\n                <\/div>\r\n                <p>Software de monitoramento, SAC 2.0, social analytics, social news, gest\u00e3o de influenciadores e an\u00fancios nas redes sociais.<\/p>\r\n            <\/div>[\/vc_column][vc_column width=&#8221;1\/4&#8243;]<div class=\" service-box\">\r\n                <!-- Icon -->\r\n                <i class=\"fa fa-heart-o fa-3x\"><\/i>\r\n\r\n                <!-- Title and Description -->\r\n                <div class=\"service-title\">\r\n                    <h3>SA365<\/h3>\r\n                <\/div>\r\n                <p>Produ\u00e7\u00e3o estrat\u00e9gica de conte\u00fado e m\u00eddia online; gest\u00e3o da presen\u00e7a de marcas, produtos e servi\u00e7os nas redes sociais.<\/p>\r\n            <\/div>[\/vc_column][\/vc_row][vc_row bg_section_color=&#8221;grey&#8221; content_width=&#8221;fullwidth&#8221; fullscreen=&#8221;yes&#8221; css=&#8221;.vc_custom_1469184271695{margin-top: -70px !important;padding-top: 30px !important;padding-bottom: 20px !important;}&#8221;][vc_column]<!-- Section General Title --><div class=\"general-title\"><h2>PRODUTOS<\/h2><div class=\"space-bottom-2x\"><\/div><\/div>[\/vc_column][\/vc_row][vc_row bg_section_color=&#8221;grey&#8221; content_width=&#8221;container-fluid&#8221; fullscreen=&#8221;yes&#8221; css=&#8221;.vc_custom_1469184412056{margin-top: -90px !important;}&#8221;][vc_column width=&#8221;1\/2&#8243;][vc_cta h2=&#8221;BUZZMONITOR INFLUENCERS&#8221; h4=&#8221;Desenvolva confian\u00e7a e lealdade para a sua marca&#8221; shape=&#8221;square&#8221; add_button=&#8221;bottom&#8221; btn_title=&#8221;Pe\u00e7a a sua proposta&#8221; btn_style=&#8221;flat&#8221; btn_shape=&#8221;square&#8221; btn_color=&#8221;black&#8221; btn_i_icon_fontawesome=&#8221;fa fa-envelope-o&#8221; btn_custom_onclick=&#8221;true&#8221; btn_link=&#8221;url:mailto%3Anegocios%40elife.com.br||target:%20_blank|&#8221; btn_add_icon=&#8221;true&#8221;]Identifique e analise usu\u00e1rios\u00a0da social media que t\u00eam potencial para serem influenciadores da sua marca.<\/p>\n<p><img loading=\"lazy\" class=\"alignnone wp-image-516\" src=\"https:\/\/elife.com.br\/wp-content\/uploads\/2016\/07\/buzz_influencers-2-300x50.png\" alt=\"buzz_influencers\" width=\"612\" height=\"102\" srcset=\"https:\/\/elife.com.br\/wp-content\/uploads\/2016\/07\/buzz_influencers-2-300x50.png 300w, https:\/\/elife.com.br\/wp-content\/uploads\/2016\/07\/buzz_influencers-2.png 620w\" sizes=\"(max-width: 612px) 100vw, 612px\" \/>[\/vc_cta][\/vc_column][vc_column width=&#8221;1\/2&#8243;][vc_cta h2=&#8221;BUZZMONITOR LYTICX FOR ADS&#8221; h4=&#8221;Melhore os seus an\u00fancios no Facebook&#8221; add_button=&#8221;bottom&#8221; btn_title=&#8221;Saiba mais&#8221; btn_shape=&#8221;square&#8221; btn_color=&#8221;black&#8221; btn_i_icon_fontawesome=&#8221;fa fa-eye&#8221; btn_link=&#8221;url:http%3A%2F%2Flyti.cx%2F||target:%20_blank|&#8221; btn_add_icon=&#8221;true&#8221; btn_custom_onclick=&#8221;true&#8221;]Acompanhe\u00a0por e-mail a evolu\u00e7\u00e3o di\u00e1ria e hist\u00f3rica das m\u00e9tricas e KPIs dos seus an\u00fancios.<\/p>\n<p><img loading=\"lazy\" class=\"alignnone wp-image-514\" src=\"https:\/\/elife.com.br\/wp-content\/uploads\/2016\/07\/buzz_lyticx-1-1-300x50.png\" alt=\"buzz_lyticx\" width=\"612\" height=\"102\" srcset=\"https:\/\/elife.com.br\/wp-content\/uploads\/2016\/07\/buzz_lyticx-1-1-300x50.png 300w, https:\/\/elife.com.br\/wp-content\/uploads\/2016\/07\/buzz_lyticx-1-1.png 620w\" sizes=\"(max-width: 612px) 100vw, 612px\" \/>[\/vc_cta][\/vc_column][\/vc_row]<\/p>\n","protected":false},"excerpt":{"rendered":"<p>[vc_row][vc_column][vc_column_text]Somos especialistas em intelig\u00eancia e gest\u00e3o do relacionamento do consumidor utilizando novas tecnologias. Estes s\u00e3o alguns dos servi\u00e7os que temos a\u00a0sua disposi\u00e7\u00e3o:[\/vc_column_text][\/vc_column][\/vc_row][vc_row css=&#8221;.vc_custom_1469182464406{margin-top: -200px !important;margin-bottom: -50px !important;}&#8221;][vc_column width=&#8221;1\/4&#8243;][\/vc_column][vc_column width=&#8221;1\/4&#8243;][\/vc_column][vc_column width=&#8221;1\/4&#8243;][\/vc_column][vc_column width=&#8221;1\/4&#8243;][\/vc_column][\/vc_row][vc_row bg_section_color=&#8221;grey&#8221; content_width=&#8221;fullwidth&#8221; fullscreen=&#8221;yes&#8221; css=&#8221;.vc_custom_1469184271695{margin-top: -70px !important;padding-top: 30px !important;padding-bottom: 20px !important;}&#8221;][vc_column][\/vc_column][\/vc_row][vc_row bg_section_color=&#8221;grey&#8221; content_width=&#8221;container-fluid&#8221; fullscreen=&#8221;yes&#8221; css=&#8221;.vc_custom_1469184412056{margin-top: -90px !important;}&#8221;][vc_column width=&#8221;1\/2&#8243;][vc_cta h2=&#8221;BUZZMONITOR INFLUENCERS&#8221; h4=&#8221;Desenvolva confian\u00e7a e lealdade para [&hellip;]<\/p>\n","protected":false},"author":1,"featured_media":0,"parent":0,"menu_order":0,"comment_status":"closed","ping_status":"closed","template":"template-onepager.php","meta":[],"_links":{"self":[{"href":"https:\/\/elife.com.br\/index.php\/wp-json\/wp\/v2\/pages\/39"}],"collection":[{"href":"https:\/\/elife.com.br\/index.php\/wp-json\/wp\/v2\/pages"}],"about":[{"href":"https:\/\/elife.com.br\/index.php\/wp-json\/wp\/v2\/types\/page"}],"author":[{"embeddable":true,"href":"https:\/\/elife.com.br\/index.php\/wp-json\/wp\/v2\/users\/1"}],"replies":[{"embeddable":true,"href":"https:\/\/elife.com.br\/index.php\/wp-json\/wp\/v2\/comments?post=39"}],"version-history":[{"count":3,"href":"https:\/\/elife.com.br\/index.php\/wp-json\/wp\/v2\/pages\/39\/revisions"}],"predecessor-version":[{"id":1940,"href":"https:\/\/elife.com.br\/index.php\/wp-json\/wp\/v2\/pages\/39\/revisions\/1940"}],"wp:attachment":[{"href":"https:\/\/elife.com.br\/index.php\/wp-json\/wp\/v2\/media?parent=39"}],"curies":[{"name":"wp","href":"https:\/\/api.w.org\/{rel}","templated":true}]}}